{"id":3392,"date":"2018-06-10T14:04:30","date_gmt":"2018-06-10T14:04:30","guid":{"rendered":"https:\/\/www.parapharmaesthetique.com\/contacter-dpo"},"modified":"2018-07-31T06:43:04","modified_gmt":"2018-07-31T06:43:04","slug":"contactar-a-dpo","status":"publish","type":"page","link":"https:\/\/www.parapharmaesthetique.com\/es\/centro-privacidad\/contactar-a-dpo","title":{"rendered":"Contactar a DPO"},"content":{"rendered":"<a class=\"wordpress-gdpr-back-link\" href=\"https:\/\/www.parapharmaesthetique.com\/centre-de-confidentialite\">&larr; Regresar al Centro de privacidad<\/a><form action=\"\/es\/wp-json\/wp\/v2\/pages\/3392\" class=\"wordpress-gdpr-form wordpress-gdpr-form-contact-dpo\" method=\"post\"><input type=\"hidden\" name=\"wordpress_gdpr_form_type\" value=\"contact-dpo\"><div class=\"form-group\"><label for=\"gdpr_firstname\">Su nombre<\/label><input class=\"form-control\" type=\"text\" name=\"gdpr_firstname\" value=\"\" required \/><\/div><div class=\"form-group\"><label for=\"gdpr_lastname\">Sus apellidos<\/label><input class=\"form-control\" type=\"text\" name=\"gdpr_lastname\" value=\"\" required \/><\/div><div class=\"form-group\"><label for=\"gdpr_email\">Su correo electr\u00f3nico<\/label><input class=\"form-control\" type=\"email\" name=\"gdpr_email\" value=\"\" required \/><\/div><div class=\"form-group\"><label for=\"gdpr_message\">Su mensaje<\/label><textarea class=\"form-control\" name=\"gdpr_message\" required \/><\/textarea><\/div><div class=\"form-group\"><label for=\"gdpr_terms\"><input id=\"gdpr_terms\" class=\"form-control\" type=\"checkbox\" name=\"gdpr_terms\" value=\"1\" required \/><span class=\"gdpr-accept-conditiones-text\"><span style=\"vertical-align: inherit;\"><span style=\"vertical-align: inherit;\">J'accepte la politique de confidentialit\u00e9 et que mes donn\u00e9es seront stock\u00e9es pour cette application GDPR.<\/span><\/span><\/span><\/label><\/div><input type=\"submit\" name=\"gdpr_submitted\" value=\"Enviar\"\/><\/form>\n","protected":false},"excerpt":{"rendered":"","protected":false},"author":1,"featured_media":0,"parent":3391,"menu_order":0,"comment_status":"closed","ping_status":"closed","template":"","meta":{"footnotes":""},"class_list":["post-3392","page","type-page","status-publish","hentry"],"_links":{"self":[{"href":"https:\/\/www.parapharmaesthetique.com\/es\/wp-json\/wp\/v2\/pages\/3392","targetHints":{"allow":["GET"]}}],"collection":[{"href":"https:\/\/www.parapharmaesthetique.com\/es\/wp-json\/wp\/v2\/pages"}],"about":[{"href":"https:\/\/www.parapharmaesthetique.com\/es\/wp-json\/wp\/v2\/types\/page"}],"author":[{"embeddable":true,"href":"https:\/\/www.parapharmaesthetique.com\/es\/wp-json\/wp\/v2\/users\/1"}],"replies":[{"embeddable":true,"href":"https:\/\/www.parapharmaesthetique.com\/es\/wp-json\/wp\/v2\/comments?post=3392"}],"version-history":[{"count":1,"href":"https:\/\/www.parapharmaesthetique.com\/es\/wp-json\/wp\/v2\/pages\/3392\/revisions"}],"predecessor-version":[{"id":3403,"href":"https:\/\/www.parapharmaesthetique.com\/es\/wp-json\/wp\/v2\/pages\/3392\/revisions\/3403"}],"up":[{"embeddable":true,"href":"https:\/\/www.parapharmaesthetique.com\/es\/wp-json\/wp\/v2\/pages\/3391"}],"wp:attachment":[{"href":"https:\/\/www.parapharmaesthetique.com\/es\/wp-json\/wp\/v2\/media?parent=3392"}],"curies":[{"name":"wp","href":"https:\/\/api.w.org\/{rel}","templated":true}]}}