{"id":3394,"date":"2018-06-10T14:05:29","date_gmt":"2018-06-10T14:05:29","guid":{"rendered":"https:\/\/www.parapharmaesthetique.com\/disclaimer"},"modified":"2018-07-31T15:41:30","modified_gmt":"2018-07-31T15:41:30","slug":"descargo-responsabilidad","status":"publish","type":"page","link":"https:\/\/www.parapharmaesthetique.com\/es\/centro-privacidad\/descargo-responsabilidad","title":{"rendered":"Descargo responsabilidad"},"content":{"rendered":"<p>\u2190 <a href=\"https:\/\/www.parapharmaesthetique.com\/es\/centro-privacidad\">Volver al Centro de privacidad<\/a><\/p>\n<p><strong>\u00daltima actualizaci\u00f3n:<\/strong> viernes, 23 de mayo de 2018<\/p>\n<p><strong>NOTA TRADUCCI\u00d3N<\/strong>: Comunicamos que este documento es una traducci\u00f3n utilizando el servicio de <a href=\"https:\/\/translate.google.com\">https:\/\/translate.google.com<\/a> (El original para cualquier duda de traducci\u00f3n es la versi\u00f3n francesa)<\/p>\n<p><strong>DESCARGO DE RESPONSABILIDAD \u2013 ParaPharmaEsthetique.com <\/strong><\/p>\n<p><strong>https:\/\/www.parapharmaesthetique.com<\/strong><\/p>\n<p>Este sitio web <strong>https:\/\/www.parapharmaesthetique.com<\/strong> ha sido dise\u00f1ado y editado con el mayor cuidado posible. Sin embargo, la presencia de errores no puede descartarse por completo. <strong>ParaPharmaEsthetique<\/strong> no asume ninguna responsabilidad por cualquier informaci\u00f3n imprecisa. Tampoco asume ninguna responsabilidad por cualquier tipo de da\u00f1o, directo o indirecto, que pueda resultar del uso de esta informaci\u00f3n.<\/p>\n<p>No es posible derivar ning\u00fan derecho de este sitio web ni reivindicar su contenido. Si desea usar la informaci\u00f3n aqu\u00ed disponible, primeramente deber\u00e1 obtener el consentimiento de <strong>ParaPharmaEsthetique<\/strong> y verificar las condiciones de aplicaci\u00f3n.<\/p>\n<p>El contenido de este sitio est\u00e1 protegido por el derecho de autor. Se proh\u00edbe la copia o distribuci\u00f3n total o parcial del sitio web sin la autorizaci\u00f3n de <strong>ParaPharmaEsthetique<\/strong>.<\/p>\n<p>Si desea usar las marcas que son propiedad de <strong>ParaPharmaEsthetique<\/strong> de la forma que sea (texto, imagen, envasado, etc.), deber\u00e1 obtener el consentimiento previo, por escrito, de <strong>ParaPharmaEsthetique<\/strong>.<\/p>\n<p><strong>ParaPharmaEsthetique<\/strong> no se hace responsable del acceso a la informaci\u00f3n en sitios web a trav\u00e9s de los enlaces contenidos en su propio sitio web.<\/p>\n<p>Se proh\u00edbe la copia del sitio. <strong>ParaPharmaEsthetique<\/strong> puede modificar, complementar o eliminar en cualquier momento, sin previo aviso, la informaci\u00f3n proporcionada en el sitio.<\/p>\n<p><strong>PRIVACIDAD<\/strong><\/p>\n<p><strong>Protecci\u00f3n de datos personales:<\/strong><\/p>\n<p><strong>ParaPharmaEsthetique<\/strong> considera importante garantizar la seguridad y privacidad de los datos personales de sus clientes. <strong>ParaPharmaEsthetique<\/strong> utiliza medidas de protecci\u00f3n, tanto t\u00e9cnicas como organizativas, para impedir la destrucci\u00f3n, p\u00e9rdida o modificaci\u00f3n de sus datos personales, as\u00ed como para protegerlos frente a la publicaci\u00f3n o acceso no autorizados. En nuestras actividades de negocio, cumplimos la legislaci\u00f3n vigente sobre protecci\u00f3n y seguridad de datos.<\/p>\n<p><strong>Datos personales<\/strong><\/p>\n<p>A menos que usted elija voluntariamente proporcionar estos datos (por ejemplo, al registrarse o al rellenar una encuesta) o d\u00e9 su consentimiento para la recogida de los mismos, o la recopilaci\u00f3n de dichos datos est\u00e9 permitida con arreglo a las leyes y regulaciones de protecci\u00f3n de datos vigentes,<\/p>\n<p><strong>ParaPharmaEsthetique<\/strong> no recoger\u00e1 sus datos personales tales como nombre, direcci\u00f3n, n\u00famero de tel\u00e9fono o direcci\u00f3n de correo electr\u00f3nico a trav\u00e9s de su sitio web.<\/p>\n<p>Puede ser que en este sitio web se le pida proporcionar sus datos personales. Todos los datos personales se recopilan en una base de datos y se almacenan cuidadosamente en un servidor seguro.<\/p>\n<p><strong>ParaPharmaEsthetique<\/strong> se encarga por s\u00ed misma de la gesti\u00f3n de la base de datos. En su caso, las direcciones de correo electr\u00f3nico y otros datos personales.<\/p>\n<p>De acuerdo con la legislaci\u00f3n sobre privacidad del 8 de diciembre de 1992, usted tiene derecho a modificar sus datos y a oponerse a su uso con fines comerciales.<\/p>\n<p><strong>ParaPharmaEsthetique<\/strong> no escatimar\u00e1 esfuerzos para preservar la confidencialidad de sus datos. Sus datos no se ceder\u00e1n ni vender\u00e1n a terceros. Sin embargo, al visitar el sitio web usted admite que la transmisi\u00f3n de datos personales a trav\u00e9s de internet no est\u00e1 exenta de riesgo al 100 %. No ser\u00e1 posible reclamar cualquier da\u00f1o que resulte del uso de sus datos por terceras partes no autorizadas.<\/p>\n<p><strong>Finalidad prevista<\/strong><\/p>\n<p>En caso de que nos proporcione sus datos personales, estos se usar\u00e1n fundamentalmente para responder preguntas o para garantizarle el acceso a informaci\u00f3n espec\u00edfica. Adem\u00e1s, en el contexto de nuestra relaci\u00f3n con usted, las siguientes acciones son posibles por nuestra parte:<\/p>\n<ul>\n<li>Almacenar y procesar sus datos personales con el fin de hacernos una idea m\u00e1s completa de sus necesidades y de c\u00f3mo podemos mejorar nuestros productos y servicios;<\/li>\n<li>Usar sus datos personales para ponernos en contacto con usted con motivo de una promoci\u00f3n de <strong>ParaPharmaEsthetique<\/strong> o para realizar encuestas en l\u00ednea para obtener m\u00e1s informaci\u00f3n sobre sus necesidades.<\/li>\n<\/ul>\n<p>&nbsp;<\/p>\n<p>Si no desea que usemos sus datos personales como soporte para nuestra relaci\u00f3n comercial con usted (especialmente para marketing directo o investigaciones de mercado), respetaremos su decisi\u00f3n. No cederemos ni venderemos sus datos personales a terceros y solo los pondremos a disposici\u00f3n de empresas asociadas a <strong>ParaPharmaEsthetique<\/strong>.<\/p>\n<p><strong>Limitaci\u00f3n de finalidad<\/strong><\/p>\n<p><strong>ParaPharmaEsthetique<\/strong> solamente recoger\u00e1, aplicar\u00e1 o publicar\u00e1 los datos personales que usted proporcione en l\u00ednea para los fines que se le hayan indicado, a menos que su publicaci\u00f3n: se relacione con el uso de los datos personales para una finalidad complementaria conectada directamente con el objetivo original por el que los datos personales fueron recogidos;<\/p>\n<ul>\n<li>Sea necesaria para redactar, concluir o ejecutar un contrato con usted<\/li>\n<li>Se requiera legalmente o por orden de las autoridades Competentes o las autoridades judiciales<\/li>\n<li>Se requiera para establecer o defender una reivindicaci\u00f3n legal o una defensa judicial<\/li>\n<li>Se requiera para prevenir el fraude u otras actividades ilegales, como ataques deliberados a los sistemas tecnol\u00f3gicos de informaci\u00f3n de <strong>ParaPharmaEsthetique<\/strong>.<\/li>\n<\/ul>\n<p>&nbsp;<\/p>\n<p><strong>Recogida autom\u00e1tica de datos no personales<\/strong><\/p>\n<p>Siempre que visite nuestro sitio web, podemos recoger autom\u00e1ticamente (es decir, sin necesidad de registro) datos no personales al respecto (como el tipo de navegador de internet o sistema operativo usado, el sitio web visitado anteriormente, el n\u00famero de visitas, la duraci\u00f3n media de cada visita y el n\u00famero de p\u00e1ginas consultadas). Estos datos nos permiten determinar el atractivo de nuestro propio sitio web y mejorar su rendimiento o su contenido.<\/p>\n<p><strong>Declaraci\u00f3n de privacidad de Google<\/strong><\/p>\n<p>El sitio web de <strong>ParaPharmaEsthetique<\/strong> usa Google Analytics: un servicio de an\u00e1lisis de sitios web que ofrece Google Inc. (\u201cGoogle\u201d). Google Analytics emplea \u201ccookies\u201d o galletas inform\u00e1ticas (peque\u00f1os archivos de texto que se cargan en su ordenador) para analizar el uso que los usuarios hacen del sitio web, as\u00ed como analizar el sitio web mismo. La informaci\u00f3n generada por la cookie sobre su uso del sitio web (en el caso de <strong>ParaPharmaEsthetique<\/strong>, sin su direcci\u00f3n IP) se transfiere a servidores de Google en los Estados Unidos, en los que se almacena. Google usa esta informaci\u00f3n para llevar un registro de la utilizaci\u00f3n que usted hace del sitio, para generar informes sobre la actividad del sitio web para el propietario del mismo (<strong>ParaPharmaEsthetique<\/strong>) y para ofrecer otros servicios relacionados con la actividad del sitio web y el uso de internet. Google solamente est\u00e1 autorizada a transferir esta informaci\u00f3n a terceros en caso de imposici\u00f3n legal o siempre que dichos terceros procesen la informaci\u00f3n en nombre de Google. Google no combinar\u00e1 su direcci\u00f3n IP con otros detalles que est\u00e9n a su disposici\u00f3n. Puede rehusar el uso de cookies mediante la selecci\u00f3n de la configuraci\u00f3n apropiada en su navegador. Sin embargo, tenemos que se\u00f1alar que, en este caso, no podr\u00e1 usar todas las opciones de este sitio web. Al usar este sitio web, otorga su autorizaci\u00f3n a Google para procesar la informaci\u00f3n de la manera mencionada anteriormente y para los fines anteriores.<\/p>\n<p><strong>Informaci\u00f3n<\/strong><\/p>\n<p>Tiene derecho a recibir informaci\u00f3n gratuita sobre los datos almacenados que le conciernen: el derecho a ser notificado en caso de modificaciones en sus datos, en caso de su bloqueo, retirada o eliminaci\u00f3n. Si tiene alguna pregunta en relaci\u00f3n con las encuestas, el procesamiento o la aplicaci\u00f3n de sus datos o tambi\u00e9n en relaci\u00f3n con los resultados, la comunicaci\u00f3n, el bloqueo o la<\/p>\n<p>Retirada de los datos, puede ponerse en contacto con nosotros por correo electr\u00f3nico, correo ordinario o fax. \u201cCookies\u201d: informaci\u00f3n que se almacena de forma autom\u00e1tica en su ordenador.<\/p>\n<p>Cuando visite nuestro sitio web, puede ser que almacenemos datos en su ordenador en forma de una \u201ccookie\u201d. Esto asegura que su ordenador ser\u00e1 reconocido autom\u00e1ticamente en su pr\u00f3xima visita.<\/p>\n<p>Las cookies nos ayudan de varias formas. Por ejemplo, nos permiten alinear mejor nuestra p\u00e1gina web con sus intereses o almacenar su contrase\u00f1a, ahorr\u00e1ndole tener que introducirla cada vez que acceda al sitio. Si no desea recibir cookies, deber\u00e1 modificar la configuraci\u00f3n en su navegador de internet para asegurar que todas las cookies se eliminan del disco duro o que recibir\u00e1 un aviso antes de su almacenamiento.<\/p>\n<p><strong>Preguntas y comentarios<\/strong><\/p>\n<p>Agradecemos sus comentarios o preguntas acerca de estas Condiciones.<\/p>\n<p><strong>ParaPharmaEsthetique<\/strong> tendr\u00e1 el placer de responder a solicitudes razonables para consultar su informaci\u00f3n personal y para ajustar, modificar o eliminar cualquier inexactitud.<\/p>\n<p>Puede comunicarse con nosotros por escrito a:\u00a0<strong>info@parapharmaesthetique.com<\/strong><\/p>\n","protected":false},"excerpt":{"rendered":"<p>\u2190 Volver al Centro de privacidad \u00daltima actualizaci\u00f3n: viernes, 23 de mayo de 2018 NOTA TRADUCCI\u00d3N: Comunicamos que este documento es una traducci\u00f3n utilizando el servicio de https:\/\/translate.google.com (El original para cualquier duda de traducci\u00f3n es la versi\u00f3n francesa) DESCARGO DE RESPONSABILIDAD \u2013 ParaPharmaEsthetique.com https:\/\/www.parapharmaesthetique.com Este sitio web https:\/\/www.parapharmaesthetique.com ha sido dise\u00f1ado y editado con<\/p>\n","protected":false},"author":1,"featured_media":0,"parent":3391,"menu_order":0,"comment_status":"closed","ping_status":"closed","template":"","meta":{"footnotes":""},"class_list":["post-3394","page","type-page","status-publish","hentry"],"_links":{"self":[{"href":"https:\/\/www.parapharmaesthetique.com\/es\/wp-json\/wp\/v2\/pages\/3394","targetHints":{"allow":["GET"]}}],"collection":[{"href":"https:\/\/www.parapharmaesthetique.com\/es\/wp-json\/wp\/v2\/pages"}],"about":[{"href":"https:\/\/www.parapharmaesthetique.com\/es\/wp-json\/wp\/v2\/types\/page"}],"author":[{"embeddable":true,"href":"https:\/\/www.parapharmaesthetique.com\/es\/wp-json\/wp\/v2\/users\/1"}],"replies":[{"embeddable":true,"href":"https:\/\/www.parapharmaesthetique.com\/es\/wp-json\/wp\/v2\/comments?post=3394"}],"version-history":[{"count":3,"href":"https:\/\/www.parapharmaesthetique.com\/es\/wp-json\/wp\/v2\/pages\/3394\/revisions"}],"predecessor-version":[{"id":3414,"href":"https:\/\/www.parapharmaesthetique.com\/es\/wp-json\/wp\/v2\/pages\/3394\/revisions\/3414"}],"up":[{"embeddable":true,"href":"https:\/\/www.parapharmaesthetique.com\/es\/wp-json\/wp\/v2\/pages\/3391"}],"wp:attachment":[{"href":"https:\/\/www.parapharmaesthetique.com\/es\/wp-json\/wp\/v2\/media?parent=3394"}],"curies":[{"name":"wp","href":"https:\/\/api.w.org\/{rel}","templated":true}]}}