{"id":3396,"date":"2018-06-10T14:06:18","date_gmt":"2018-06-10T14:06:18","guid":{"rendered":"https:\/\/www.parapharmaesthetique.com\/politiques-de-confidentialite"},"modified":"2018-07-31T07:02:42","modified_gmt":"2018-07-31T07:02:42","slug":"politica-privacidad","status":"publish","type":"page","link":"https:\/\/www.parapharmaesthetique.com\/es\/centro-privacidad\/politica-privacidad","title":{"rendered":"Pol\u00edtica privacidad"},"content":{"rendered":"<p>\u2190 <a href=\"https:\/\/www.parapharmaesthetique.com\/es\/centro-privacidad\">Volver al Centro de privacidad<\/a><\/p>\n<p><strong>\u00daltima actualizaci\u00f3n:<\/strong> viernes, 23 de mayo de 2018<\/p>\n<p><strong>NOTA TRADUCCI\u00d3N<\/strong>: Comunicamos que este documento es una traducci\u00f3n utilizando el servicio de <a href=\"https:\/\/translate.google.com\">https:\/\/translate.google.com<\/a> (El original para cualquier duda de traducci\u00f3n es la versi\u00f3n francesa)<\/p>\n<p><strong>POL\u00cdTICA DE PRIVACIDAD <\/strong><strong>\u2013 ParaPharmaEsthetique.com <\/strong><\/p>\n<p><strong>https:\/\/www.parapharmaesthetique.com<\/strong><\/p>\n<p>Por favor, lea cuidadosamente la siguiente informaci\u00f3n para entender nuestras pr\u00e1cticas con respecto a sus datos personales y c\u00f3mo vamos a procesar los datos.<\/p>\n<p><strong>1- Finalidad del tratamiento<\/strong><\/p>\n<p><strong>\u00bfQu\u00e9 son los datos personales?<\/strong><\/p>\n<p>Recopilamos informaci\u00f3n sobre usted en una variedad de formas, incluyendo datos personales. Tal como se utiliza en esta Pol\u00edtica, \u201cdatos personales\u201d es como se define en el Reglamento general de protecci\u00f3n de datos, esto incluye cualquier informaci\u00f3n que, ya sea solo o en combinaci\u00f3n con otra informaci\u00f3n que procesamos sobre usted, usted identifica como un individuo, incluyendo, por ejemplo, su nombre, direcci\u00f3n postal, direcci\u00f3n de correo electr\u00f3nico y n\u00famero de tel\u00e9fono.<\/p>\n<p><strong>\u00bfPor qu\u00e9 necesitamos sus datos personales?<\/strong><\/p>\n<p>S\u00f3lo se procesar\u00e1 sus datos personales de acuerdo con las leyes de protecci\u00f3n de datos y privacidad. Necesitamos determinados datos personales con el fin de proporcionarle acceso al sitio. Si se ha registrado con nosotros, se le ha pedido que marque a un acuerdo para proporcionar esta informaci\u00f3n con el fin de acceder a nuestros servicios, la compra de nuestros productos, o ver nuestro contenido. Este consentimiento nos proporciona la base jur\u00eddica se requiere bajo la ley aplicable para procesar sus datos.<\/p>\n<p>Usted mantiene el derecho de retirar su consentimiento en cualquier momento. Si no est\u00e1 de acuerdo con nuestro uso de sus datos personales de acuerdo con esta pol\u00edtica, por favor no utilice nuestro sitio.<\/p>\n<p><strong>2 &#8211; La recogida de sus datos personales<\/strong><\/p>\n<p>Recopilamos informaci\u00f3n sobre usted de las siguientes maneras:<\/p>\n<p><strong>Informaci\u00f3n que usted nos autorice. <\/strong>Esto incluye:<\/p>\n<ul>\n<li>los datos personales que proporcione al registrarse para utilizar nuestro sitio, incluyendo su nombre, direcci\u00f3n postal, direcci\u00f3n de correo electr\u00f3nico, n\u00famero de tel\u00e9fono, nombre de usuario, contrase\u00f1a e informaci\u00f3n demogr\u00e1fica<\/li>\n<li>los datos personales que pueden estar contenidos en cualquier v\u00eddeo, comentario u otra presentaci\u00f3n que cargue o publique en el Sitio<\/li>\n<li>los datos personales que proporcione en relaci\u00f3n con nuestro programa de recompensas y otras promociones que se ejecutan en el Sitio<\/li>\n<li>los datos personales que nos proporcione cuando se notifica un problema con nuestro sitio o cuando le proporcionamos atenci\u00f3n al<\/li>\n<li>los datos personales que nos facilite al realizar una compra a fondo nuestro Sitio<\/li>\n<li>los datos personales que nos facilite cuando se comunica con nosotros por tel\u00e9fono, correo electr\u00f3nico o de otra manera.<\/li>\n<\/ul>\n<p>&nbsp;<\/p>\n<p><strong>Informaci\u00f3n de los sitios de redes sociales.<\/strong><\/p>\n<p>Nuestro sitio incluye interfaces que le permiten conectarse con los sitios de redes sociales (cada uno un \u201cSNS\u201d). Si se conecta a un SNS a trav\u00e9s de nuestro sitio, usted nos autoriza a acceder, usar y almacenar la informaci\u00f3n que usted acept\u00f3 el SNS podr\u00eda proporcionar a nosotros en base a la configuraci\u00f3n de ese SNS. Vamos a acceder, usar y almacenar dicha informaci\u00f3n de acuerdo con esta pol\u00edtica. Puede revocar nuestro acceso a la informaci\u00f3n que proporciona de esta manera en cualquier momento mediante la modificaci\u00f3n de la configuraci\u00f3n apropiada de dentro de la configuraci\u00f3n de su cuenta en el SNS aplicable.<\/p>\n<p><strong>Informaci\u00f3n recopilada autom\u00e1ticamente.<\/strong><\/p>\n<p>Registramos autom\u00e1ticamente informaci\u00f3n sobre usted y su ordenador o dispositivo m\u00f3vil cuando accede a nuestro sitio. Por ejemplo, cuando visita nuestro sitio, registramos su ordenador o dispositivo m\u00f3vil nombre del sistema operativo y versi\u00f3n, fabricante y el modelo, tipo de navegador, idioma del navegador, resoluci\u00f3n de pantalla, el sitio que visit\u00f3 antes de navegar en nuestro sitio, las p\u00e1ginas que ha visto, \u00bfcu\u00e1nto tiempo que gast\u00f3 en una p\u00e1gina, los tiempos de acceso e informaci\u00f3n sobre su uso y las acciones en nuestro sitio. Recopilamos esta informaci\u00f3n sobre que el uso de cookies.<\/p>\n<p>No utilizamos sus datos personales para los fines de la toma de decisiones automatizada. Sin embargo, podemos hacerlo con el fin de cumplir las obligaciones impuestas por la ley, en cuyo caso se le informar\u00e1 de cualquier procesamiento y proporcionar usted con la oportunidad de oponerse.<\/p>\n<p><strong>3 &#8211; El uso de sus datos personales<\/strong><\/p>\n<p>Podemos utilizar sus datos personales de la siguiente manera:<\/p>\n<ul>\n<li>Para operar, mantener y mejorar nuestro sitio, productos y servicios.<\/li>\n<li>Para administrar su cuenta, incluso para comunicarse con usted en relaci\u00f3n con su cuenta, si usted tiene una cuenta en nuestro sitio.<\/li>\n<li>Para operar y administrar nuestro programa de recompensas y otras promociones que participas en nuestro Sitio<\/li>\n<li>Para responder a sus comentarios y preguntas y para proporcionar servicio al cliente.<\/li>\n<li>Para enviar informaci\u00f3n que incluye avisos t\u00e9cnicos, actualizaciones, alertas de seguridad y apoyo y mensajes administrativos<\/li>\n<li>Con su consentimiento, para enviarle correos electr\u00f3nicos de marketing sobre las pr\u00f3ximas promociones y otras noticias, incluida la informaci\u00f3n sobre los productos y servicios ofrecidos por nosotros y nuestros afiliados.<\/li>\n<li>ya que creemos necesario o apropiado (a) cumplir con las leyes aplicables; (B) para cumplir con las solicitudes legales y procedimientos legales, incluyendo a responder a las peticiones de las autoridades p\u00fablicas y gubernamentales; (C) para hacer cumplir nuestra pol\u00edtica; y (d) para proteger nuestros derechos, privacidad, seguridad o propiedad, y \/ o el de usted u otras<\/li>\n<\/ul>\n<p>&nbsp;<\/p>\n<p>Usted puede optar por no recibir dicha informaci\u00f3n en cualquier momento: estos mensajes de correo electr\u00f3nico de marketing le indican c\u00f3mo Tenga en cuenta, incluso si usted opta por no recibir correos electr\u00f3nicos de marketing, todav\u00eda podemos enviarle correos electr\u00f3nicos no comercializaci\u00f3n \u201copt-out\u201d\u2026 correos electr\u00f3nicos no comercializaci\u00f3n incluyen mensajes de correo electr\u00f3nico sobre su cuenta con nosotros (si tiene uno) y nuestras relaciones comerciales con usted.<\/p>\n<p><strong>4 &#8211; Sitios de terceros<\/strong><\/p>\n<p>Nuestro sitio puede contener enlaces a sitios web de terceros y caracter\u00edsticas. Esta pol\u00edtica no cubre las pr\u00e1cticas de privacidad de dichos terceros. Estos terceros tienen sus propias pol\u00edticas de privacidad y no aceptamos ninguna responsabilidad por sus sitios web, caracter\u00edsticas o pol\u00edticas. Por favor, lea las pol\u00edticas de privacidad antes de enviar cualquier informaci\u00f3n a ellos.<\/p>\n<p><strong>5 &#8211; Contenido generado por el usuario<\/strong><\/p>\n<p>Es posible compartir datos personales con nosotros al momento de enviar el contenido generado por el usuario en nuestro sitio, [incluyendo a trav\u00e9s de nuestro programa de premios, foros, tablones de mensajes y blogs en nuestro sitio]. Tenga en cuenta que cualquier informaci\u00f3n que publique o divulgue en nuestro Sitio se convertir\u00e1 en informaci\u00f3n p\u00fablica, y estar\u00e1 disponible para otros usuarios de nuestro sitio y para el p\u00fablico en general. Le instamos a que tener mucho cuidado cuando decida revelar sus datos personales, o cualquier otra informaci\u00f3n, en nuestro sitio. Dichos datos personales y otra informaci\u00f3n no ser\u00e1 privada o confidencial una vez que se publica en nuestro sitio.<\/p>\n<p>Si usted proporciona informaci\u00f3n a nosotros, podemos usar y divulgar dicha retroalimentaci\u00f3n en nuestro sitio [, Siempre que no asociamos dicha retroalimentaci\u00f3n con sus datos personales]. [Si usted ha proporcionado su consentimiento para hacerlo, podemos publicar su nombre y apellido, junto con sus comentarios en nuestro sitio.] [Vamos a recoger cualquier informaci\u00f3n contenida en dicha retroalimentaci\u00f3n y tratar\u00e1 los datos personales en \u00e9l de acuerdo con esta pol\u00edtica.]<\/p>\n<p><strong>6 &#8211; Transferencia Internacional de Datos<\/strong><\/p>\n<p>Su informaci\u00f3n, incluyendo datos de car\u00e1cter personal que obtenemos de usted, puede ser transferida, almacenada en y procesada por nosotros fuera del pa\u00eds en el que reside, donde las regulaciones de protecci\u00f3n de datos y privacidad no pueden ofrecer el mismo nivel de protecci\u00f3n que en otras partes del el mundo. Al aceptar esta Pol\u00edtica, usted est\u00e1 de acuerdo con esta transferencia, almacenamiento o procesamiento. Tomaremos todas las medidas razonablemente necesarias para garantizar que sus datos son tratados de forma segura y de acuerdo con esta Pol\u00edtica.<\/p>\n<p><strong>7 &#8211; Seguridad<\/strong><\/p>\n<p>Buscamos utilizar medidas organizativas, t\u00e9cnicas y administrativas razonables para proteger los datos personales dentro de nuestra organizaci\u00f3n. Desafortunadamente, ninguna red de transporte o de almacenamiento se puede garantizar que sea completamente segura, y la transmisi\u00f3n de informaci\u00f3n a trav\u00e9s de Internet no es completamente segura. Si usted tiene razones para creer que su interacci\u00f3n con nosotros ya no es segura (por ejemplo, si usted cree que la seguridad de una cuenta que pueda tener con nosotros ha sido comprometida), por favor notifique inmediatamente del problema poni\u00e9ndose en contacto con nosotros.<\/p>\n<p><strong>8 &#8211; Retenci\u00f3n<\/strong><\/p>\n<p>S\u00f3lo se conservar\u00e1n sus datos personales con [INSERT per\u00edodo de retenci\u00f3n \/ ESTIMADO per\u00edodo de retenci\u00f3n y m\u00e9todo utilizado para estimar per\u00edodo de retenci\u00f3n a no ser que se requiere un per\u00edodo de conservaci\u00f3n m\u00e1s largo o permitido por la ley (por ejemplo, para fines de regulaci\u00f3n).<\/p>\n<p>O<\/p>\n<p>S\u00f3lo se conservar\u00e1n sus datos personales [siempre que razonablemente se requiera para que pueda utilizar el Sitio hasta que se cierre su cuenta \/ cancelar su suscripci\u00f3n] menos que se requiera un per\u00edodo de conservaci\u00f3n m\u00e1s largo o permitido por la ley (por ejemplo, para fines de regulaci\u00f3n).<\/p>\n<p><strong>9 &#8211; Nuestra pol\u00edtica sobre los menores<\/strong><\/p>\n<p>Nuestro sitio est\u00e1 \/ no est\u00e1n dirigidos a ni\u00f1os menores de 16. Si un padre o tutor se da cuenta de que su hijo nos ha proporcionado informaci\u00f3n sin su consentimiento, \u00e9l o ella debe ponerse en contacto con nosotros. Vamos a eliminar dicha informaci\u00f3n de nuestros archivos tan pronto como sea razonablemente posible.<\/p>\n<p><strong>10 &#8211; Tus derechos<\/strong><\/p>\n<ul>\n<li><strong>Optar por no. <\/strong>Puede comunicarse con nosotros en cualquier momento para darse de baja de: (I) las comunicaciones de marketing directo; (II) la toma de decisiones y \/ o perfilado automatizado; (III) la colecci\u00f3n de los datos personales sensibles; (IV) cualquier nuevo tratamiento de sus datos personales para que podamos llevar a cabo m\u00e1s all\u00e1 del prop\u00f3sito original; o (V) la transferencia de sus datos personales fuera del EEE. Tenga en cuenta que el uso de alguna parte del sitio puede ser ineficaz en opt-out.<\/li>\n<li>Es posible acceder a la informaci\u00f3n que tenemos sobre usted en cualquier momento a trav\u00e9s de su perfil \/ cuenta o poni\u00e9ndose en contacto con nosotros<\/li>\n<li>Tambi\u00e9n puede ponerse en contacto con nosotros para modificar o corregir cualquier inexactitud en sus datos personales.<\/li>\n<li><strong>Borrar y olvidar. <\/strong>En ciertas situaciones, por ejemplo cuando la informaci\u00f3n que tenemos sobre usted ya no es relevante o es incorrecta, puede solicitar que borremos sus<\/li>\n<\/ul>\n<p>&nbsp;<\/p>\n<p>Si desea ejercer cualquiera de estos derechos, por favor, p\u00f3ngase en contacto con nosotros. En su solicitud, por favor aclarar: (I) qu\u00e9 datos personales se refiere; y (Ii) cu\u00e1les de los derechos anteriores que le gustar\u00eda cumplir. Para su protecci\u00f3n, s\u00f3lo podemos poner en pr\u00e1ctica las solicitudes con respecto a los datos personales asociados a la direcci\u00f3n de correo electr\u00f3nico en particular que se utiliza para enviar su solicitud, y es posible que tengamos para verificar su identidad antes de implementar su solicitud. Vamos a tratar de cumplir con su solicitud tan pronto como sea razonablemente posible y, en cualquier caso, dentro del mes siguiente a su solicitud. Tenga en cuenta que puede ser necesario para retener cierta informaci\u00f3n para fines de mantenimiento de registros y \/ o para completar cualquier transacci\u00f3n que usted comenz\u00f3 antes de solicitar dicho cambio o eliminaci\u00f3n.<\/p>\n<p><strong>11 &#8211; Los derechos a la protecci\u00f3n de datos espec\u00edficos a los residentes de la Uni\u00f3n Europea<\/strong><\/p>\n<p>Si usted vive en el EEE, puede oponerse al tratamiento de los datos personales, solicite que limitar el procesamiento de su informaci\u00f3n personal o solicitar la portabilidad de su informaci\u00f3n personal. Puede ejercer estos derechos al hacer una solicitud por uno de los m\u00e9todos descritos en &#8220;C\u00f3mo ponerse en contacto con nosotros&#8221; a continuaci\u00f3n.<\/p>\n<p>Del mismo modo, si hemos recogido su informaci\u00f3n personal con su consentimiento, puede retirar su consentimiento en cualquier momento. Su retiro del consentimiento no afectar\u00e1 a (1) la legalidad de cualquier tratamiento que podr\u00eda haber hecho antes de la retirada, o (2) en el tratamiento de la informaci\u00f3n personal bajo otras bases legales.<\/p>\n<p><strong>12 &#8211; Quejas<\/strong><\/p>\n<p>Estamos comprometidos a resolver las quejas acerca de la recopilaci\u00f3n o el uso de sus datos personales. Si desea hacer una queja con respecto a esta Pol\u00edtica o nuestras pr\u00e1cticas en relaci\u00f3n con sus datos personales, p\u00f3ngase en contacto con nosotros en: <a href=\"mailto:info@parapharmaesthetique.com\"><strong>info@parapharmaesthetique.com<\/strong><\/a><\/p>\n<p>Vamos a responder a su queja tan pronto como sea posible y en todo caso, dentro de los 30 d\u00edas.<\/p>\n<p>Esperamos que para resolver cualquier queja de nuestra atenci\u00f3n, sin embargo, si usted siente que su queja no se ha resuelto de manera adecuada, se reserva el derecho de contactar con la autoridad de control de protecci\u00f3n de datos local.<\/p>\n<p><strong>13 &#8211; Informaci\u00f3n del contacto<\/strong><\/p>\n<p>Damos la bienvenida a sus comentarios o preguntas sobre esta Pol\u00edtica. Puede comunicarse con nosotros por escrito a: : <strong><a href=\"mailto:info@parapharmaesthetique.com\">info@parapharmaesthetique.com<\/a><\/strong><\/p>\n<p><strong>\u00a0<\/strong><\/p>\n","protected":false},"excerpt":{"rendered":"<p>\u2190 Volver al Centro de privacidad \u00daltima actualizaci\u00f3n: viernes, 23 de mayo de 2018 NOTA TRADUCCI\u00d3N: Comunicamos que este documento es una traducci\u00f3n utilizando el servicio de https:\/\/translate.google.com (El original para cualquier duda de traducci\u00f3n es la versi\u00f3n francesa) POL\u00cdTICA DE PRIVACIDAD \u2013 ParaPharmaEsthetique.com https:\/\/www.parapharmaesthetique.com Por favor, lea cuidadosamente la siguiente informaci\u00f3n para entender nuestras<\/p>\n","protected":false},"author":1,"featured_media":0,"parent":3391,"menu_order":0,"comment_status":"closed","ping_status":"closed","template":"","meta":{"footnotes":""},"class_list":["post-3396","page","type-page","status-publish","hentry"],"_links":{"self":[{"href":"https:\/\/www.parapharmaesthetique.com\/es\/wp-json\/wp\/v2\/pages\/3396","targetHints":{"allow":["GET"]}}],"collection":[{"href":"https:\/\/www.parapharmaesthetique.com\/es\/wp-json\/wp\/v2\/pages"}],"about":[{"href":"https:\/\/www.parapharmaesthetique.com\/es\/wp-json\/wp\/v2\/types\/page"}],"author":[{"embeddable":true,"href":"https:\/\/www.parapharmaesthetique.com\/es\/wp-json\/wp\/v2\/users\/1"}],"replies":[{"embeddable":true,"href":"https:\/\/www.parapharmaesthetique.com\/es\/wp-json\/wp\/v2\/comments?post=3396"}],"version-history":[{"count":5,"href":"https:\/\/www.parapharmaesthetique.com\/es\/wp-json\/wp\/v2\/pages\/3396\/revisions"}],"predecessor-version":[{"id":3420,"href":"https:\/\/www.parapharmaesthetique.com\/es\/wp-json\/wp\/v2\/pages\/3396\/revisions\/3420"}],"up":[{"embeddable":true,"href":"https:\/\/www.parapharmaesthetique.com\/es\/wp-json\/wp\/v2\/pages\/3391"}],"wp:attachment":[{"href":"https:\/\/www.parapharmaesthetique.com\/es\/wp-json\/wp\/v2\/media?parent=3396"}],"curies":[{"name":"wp","href":"https:\/\/api.w.org\/{rel}","templated":true}]}}