{"id":3397,"date":"2018-06-10T14:05:55","date_gmt":"2018-06-10T14:05:55","guid":{"rendered":"https:\/\/www.parapharmaesthetique.com\/politiques-de-cookies"},"modified":"2018-07-31T15:42:08","modified_gmt":"2018-07-31T15:42:08","slug":"politicas-cookies","status":"publish","type":"page","link":"https:\/\/www.parapharmaesthetique.com\/es\/centro-privacidad\/politicas-cookies","title":{"rendered":"Pol\u00edticas Cookies"},"content":{"rendered":"<p>\u2190 <a href=\"https:\/\/www.parapharmaesthetique.com\/es\/centro-privacidad\">Volver al Centro de privacidad<\/a><\/p>\n<p><strong>\u00daltima actualizaci\u00f3n:<\/strong> viernes, 23 de mayo de 2018<\/p>\n<p><strong>NOTA TRADUCCI\u00d3N<\/strong>: Comunicamos que este documento es una traducci\u00f3n utilizando el servicio de <a href=\"https:\/\/translate.google.ad\">https:\/\/translate.google.ad<\/a> (El original para cualquier duda de traducci\u00f3n es la versi\u00f3n francesa)<\/p>\n<p><strong>POL\u00cdTICA DE COOKIES \u2013 ParaPharmaEsthetique.com <\/strong><\/p>\n<p>Acerca de las cookies en este sitio: <strong>https:\/\/www.parapharmaesthetique.com<\/strong><\/p>\n<p>Este sitio utiliza cookies para publicidad, funcionalidad y an\u00e1lisis, tal como se describe en nuestro Aviso sobre cookies y tecnolog\u00eda similar. Para ver qu\u00e9 cookies usamos y establecer sus preferencias, consulte nuestra herramienta de consentimiento de cookies. Al continuar utilizando nuestro sitio web, acepta nuestro uso de cookies.<\/p>\n<p>El sitios web de\u00a0<strong>ParaPharmaEsthetique.com<\/strong> o\u00a0\u00a0<strong>https:\/\/www.parapharmaesthetique.com<\/strong>\u00a0los servicios en l\u00ednea usados, las aplicaciones interactivas, los mensajes de correo electr\u00f3nico y los anuncios publicitarios pueden usar &#8220;cookies&#8221; y otras tecnolog\u00edas, como etiquetas de p\u00edxel y balizas web.<\/p>\n<p>Estas tecnolog\u00edas nos ayudan a comprender mejor el comportamiento de los usuarios, nos dicen qu\u00e9 partes de nuestros sitios web visitaron las personas y facilitan y miden la efectividad de los anuncios y las b\u00fasquedas en la web. Tratamos la informaci\u00f3n recopilada por las cookies y otras tecnolog\u00edas como informaci\u00f3n no personal. Sin embargo, en la medida en que las leyes del Protocolo de Internet (IP) o identificadores similares se consideran informaci\u00f3n personal seg\u00fan las leyes locales, tambi\u00e9n tratamos estos identificadores como informaci\u00f3n personal.<\/p>\n<p><strong>COOKIES <\/strong><\/p>\n<p>Una Cookie es un fichero que se descarga en su ordenador al acceder a determinadas p\u00e1ginas web. Las cookies permiten a una p\u00e1gina web, entre otras cosas, almacenar y recuperar informaci\u00f3n sobre los h\u00e1bitos de navegaci\u00f3n de un usuario o de su equipo y, dependiendo de la informaci\u00f3n que contenga y de la forma en que utilice su equipo, pueden utilizarse para reconocer al usuario.<\/p>\n<p>Las cookies son esenciales para el funcionamiento de internet, aportando innumerables ventajas en la prestaci\u00f3n de servicios interactivos, facilit\u00e1ndole la navegaci\u00f3n y usabilidad de nuestra web<\/p>\n<p>La informaci\u00f3n que le proporcionamos a continuaci\u00f3n, le ayudar\u00e1 a comprender los diferentes tipos de cookies:<\/p>\n<table width=\"100%\">\n<tbody>\n<tr>\n<td colspan=\"3\" width=\"100%\"><strong>TIPOS DE COOKIES <\/strong><\/td>\n<\/tr>\n<tr>\n<td rowspan=\"2\" width=\"30%\">SEG\u00daN LA ENTIDAD QUE LAS GESTIONE<\/td>\n<td width=\"30%\">Cookies propias<\/td>\n<td width=\"40%\">Son aquellas que se recaban por el propio editor para prestar el servicio solicitado por el usuario.<\/td>\n<\/tr>\n<tr>\n<td width=\"30%\">Cookies de tercero<\/td>\n<td width=\"40%\">Son aquellas que son recabadas y gestionadas por un tercero, estas no se pueden considerar propias.<\/td>\n<\/tr>\n<tr>\n<td rowspan=\"2\" width=\"30%\">SEG\u00daN EL PLAZO DE TIEMPO QUE PERMANEZCAN ACTIVADAS<\/td>\n<td width=\"30%\">Cookies de sesi\u00f3n<\/td>\n<td width=\"40%\">Recaban datos mientras el usuario navega por la red con la finalidad de prestar el servicio solicitado.<\/td>\n<\/tr>\n<tr>\n<td width=\"30%\">Cookies persistentes<\/td>\n<td width=\"40%\">Se almacenan en el terminal y la informaci\u00f3n obtenida, ser\u00e1 utilizada por el responsable de la cookie con la finalidad de prestar el servicio solicitado.<\/td>\n<\/tr>\n<tr>\n<td rowspan=\"5\" width=\"30%\">SEG\u00daN SU FINALIDAD<\/td>\n<td width=\"30%\">Cookies t\u00e9cnicas<\/td>\n<td width=\"40%\">Son las necesarias para la correcta navegaci\u00f3n por la web.<\/td>\n<\/tr>\n<tr>\n<td width=\"30%\">Cookies de personalizaci\u00f3n<\/td>\n<td width=\"40%\">Permiten al usuario las caracter\u00edsticas (idioma) para la navegaci\u00f3n por la website<\/td>\n<\/tr>\n<tr>\n<td width=\"30%\">Cookies de an\u00e1lisis<\/td>\n<td width=\"40%\">Permiten al prestador el an\u00e1lisis vinculado a la navegaci\u00f3n realizada por el usuario, con la finalidad de llevar un seguimiento de uso de la p\u00e1gina web as\u00ed como realizar estad\u00edsticas de los contenidos m\u00e1s visitados, n\u00famero de visitantes, etc.<\/td>\n<\/tr>\n<tr>\n<td width=\"30%\">Cookies publicitarias<\/td>\n<td width=\"40%\">Permiten al editor incluir en la web espacios publicitarios, seg\u00fan el contenido de la propia web.<\/td>\n<\/tr>\n<tr>\n<td width=\"30%\">Cookies de publicidad comportamental<\/td>\n<td width=\"40%\">Permiten al editor incluir en la p\u00e1gina web espacios publicitarios seg\u00fan la informaci\u00f3n obtenida a trav\u00e9s de los h\u00e1bitos de navegaci\u00f3n del usuario.<\/td>\n<\/tr>\n<\/tbody>\n<\/table>\n<p>Seg\u00fan lo dispuesto en el art\u00edculo 22.2 de la Ley 34\/2002, de 11 de julio, de Servicios de la Sociedad de la Informaci\u00f3n y de Comercio Electr\u00f3nico (LSSI-CE),<strong> ParaPharmaEsthetique.com <\/strong>informa de las cookies utilizadas en nuestra website:<\/p>\n<table width=\"100%\">\n<tbody>\n<tr>\n<td width=\"50%\"><strong>FINALIDAD<\/strong><\/td>\n<td colspan=\"4\"><strong>TIPOS DE COOKIES <\/strong><\/td>\n<\/tr>\n<tr>\n<td><\/td>\n<td>\n<p style=\"text-align: center;\">Cookies propias<\/p>\n<\/td>\n<td style=\"text-align: center;\">Cookies de tercero<\/td>\n<td>\n<p style=\"text-align: center;\">Cookies de sesi\u00f3n<\/p>\n<\/td>\n<td><\/td>\n<\/tr>\n<tr>\n<td>Cookies t\u00e9cnicas<\/td>\n<td>\n<p style=\"text-align: center;\">X<\/p>\n<\/td>\n<td><\/td>\n<td><\/td>\n<td><\/td>\n<\/tr>\n<tr>\n<td>Cookies de personalizaci\u00f3n<\/td>\n<td>\n<p style=\"text-align: center;\">X<\/p>\n<\/td>\n<td><\/td>\n<td><\/td>\n<td><\/td>\n<\/tr>\n<tr>\n<td>Cookies de an\u00e1lisis<\/td>\n<td><\/td>\n<td>\n<p style=\"text-align: center;\">X<\/p>\n<\/td>\n<td><\/td>\n<td><\/td>\n<\/tr>\n<tr>\n<td>Cookies de publicidad comportamental<\/td>\n<td><\/td>\n<td><\/td>\n<td><\/td>\n<td><\/td>\n<\/tr>\n<\/tbody>\n<\/table>\n<p><strong>ParaPharmaEsthetique.com\u00a0<\/strong>usa cookies propias (t\u00e9cnicas) necesarias para:<br \/>\n\u2022 la navegaci\u00f3n por su sitio web. (Cookie utilizada \u2013nombreAleatorio)<br \/>\n\u2022 control de mensaje de aceptaci\u00f3n de cookies \u2013 aviso (Cookie utilizada \u2013 Cookie_ue)<\/p>\n<p>Adem\u00e1s usa Cookies de terceros:<\/p>\n<ul>\n<li>Para anal\u00edtica del comportamiento de navegaci\u00f3n de su sitio web por parte de los usuarios (obteniendo datos del tipo: n\u00famero de visitantes, tiempo de las visitas, p\u00e1ginas vistas, palabras clave usadas para encontrar el sitio, etc\u2026) en ning\u00fan caso se obtiene ning\u00fan tipo de dato personal de los usuarios. (Cookies utilizadas \u2013 _ga, _gid,\u00a0\u00a0_gat, )<\/li>\n<\/ul>\n<p>Las cookies de an\u00e1lisis de esta p\u00e1gina son proporcionadas por el servicio Google Analytics propiedad de Google Inc.<\/p>\n<p><a href=\"https:\/\/developers.google.com\/analytics\/devguides\/collection\/analyticsjs\/cookie-usage\">https:\/\/developers.google.com\/analytics\/devguides\/collection\/analyticsjs\/cookie-usage<\/a><\/p>\n<p>Asimismo,\u00a0<strong>ParaPharmaEsthetique.com\u00a0<\/strong>informa al usuario de que tiene la posibilidad de configurar su navegador de modo que se le informe de la recepci\u00f3n de cookies, pudiendo, si as\u00ed lo desea, impedir que sean instaladas en su disco duro.<\/p>\n<p>Del mismo modo, en la medida en que la informaci\u00f3n no personal se combine con la informaci\u00f3n personal, tratamos la informaci\u00f3n combinada como informaci\u00f3n personal para los fines de esta <strong>Pol\u00edtica de privacidad<\/strong>.<\/p>\n<p>Si habilita Limitar seguimiento de anuncios en su dispositivo m\u00f3vil, las aplicaciones de terceros no pueden usar el Identificador de publicidad, un identificador de dispositivo no personal, para servirle anuncios orientados. Todav\u00eda puede ver anuncios en la tienda de aplicaciones o noticias seg\u00fan el contexto, como su consulta de b\u00fasqueda o el canal que est\u00e1 leyendo. En aplicaciones de terceros, es posible que vea anuncios basados en otra informaci\u00f3n.<\/p>\n<p>Si desea deshabilitar las cookies y est\u00e1 utilizando el navegador web Safari, vaya a Preferencias de Safari y luego al panel de privacidad para administrar sus preferencias. En el dispositivo m\u00f3vil de su empresa, vaya a Configuraci\u00f3n, luego a Safari, despl\u00e1cese a la secci\u00f3n Privacidad y seguridad y toque &#8220;Bloquear cookies&#8221; para administrar sus preferencias. Para otros navegadores, verifique con su proveedor para averiguar c\u00f3mo desactivar las cookies. Tenga en cuenta que ciertas caracter\u00edsticas del sitio web de la Compa\u00f1\u00eda no\u00a0estar\u00e1n\u00a0disponibles una vez que las cookies est\u00e9n deshabilitadas.<\/p>\n<p>Como ocurre con la mayor\u00eda de los servicios de Internet, recopilamos cierta informaci\u00f3n autom\u00e1ticamente y la almacenamos en archivos de registro. Esta informaci\u00f3n incluye direcciones de Protocolo de Internet (IP), tipo e idioma de navegador, proveedor de servicios de Internet (ISP), sitios web y aplicaciones de referencia y salida, sistema operativo, sello de fecha y hora y datos de secuencia de clics.<\/p>\n<p>Utilizamos esta informaci\u00f3n para comprender y analizar tendencias, administrar el sitio, conocer el comportamiento de los usuarios en el sitio, mejorar nuestros productos y servicios y recopilar informaci\u00f3n demogr\u00e1fica sobre nuestra base de usuarios en general. La compa\u00f1\u00eda puede usar esta informaci\u00f3n en nuestros servicios de marketing y publicidad.<\/p>\n<p>En algunos de nuestros mensajes de correo electr\u00f3nico, utilizamos una &#8220;URL de click&#8221; vinculada al contenido en el sitio web de la Compa\u00f1\u00eda. Cuando los clientes hacen clic en una de estas URL, pasan a trav\u00e9s de un servidor web por separado antes de llegar a la p\u00e1gina de destino en nuestro sitio web.<\/p>\n<p>Hacemos un seguimiento de estos datos de clic para ayudarnos a determinar el inter\u00e9s en temas particulares y medir la efectividad de las comunicaciones con nuestros clientes. Si prefiere no ser rastreado de esta manera, no debe hacer clic en los enlaces de texto o gr\u00e1ficos en los mensajes de correo electr\u00f3nico.<\/p>\n<p>Las etiquetas de p\u00edxel nos permiten enviar mensajes de correo electr\u00f3nico en un formato que los clientes pueden leer, y nos dicen si el correo se ha abierto.<\/p>\n<p>Podemos utilizar esta informaci\u00f3n para reducir o eliminar los mensajes enviados a los clientes.<\/p>\n<p>Agradecemos sus comentarios o preguntas acerca de estas Condiciones. Puede comunicarse con nosotros por escrito a:\u00a0<strong><a href=\"mailto:info@parapharmaesthetique.com\">info@parapharmaesthetique.com<\/a><\/strong><\/p>\n","protected":false},"excerpt":{"rendered":"<p>\u2190 Volver al Centro de privacidad \u00daltima actualizaci\u00f3n: viernes, 23 de mayo de 2018 NOTA TRADUCCI\u00d3N: Comunicamos que este documento es una traducci\u00f3n utilizando el servicio de https:\/\/translate.google.ad (El original para cualquier duda de traducci\u00f3n es la versi\u00f3n francesa) POL\u00cdTICA DE COOKIES \u2013 ParaPharmaEsthetique.com Acerca de las cookies en este sitio: https:\/\/www.parapharmaesthetique.com Este sitio utiliza<\/p>\n","protected":false},"author":1,"featured_media":0,"parent":3391,"menu_order":0,"comment_status":"closed","ping_status":"closed","template":"","meta":{"footnotes":""},"class_list":["post-3397","page","type-page","status-publish","hentry"],"_links":{"self":[{"href":"https:\/\/www.parapharmaesthetique.com\/es\/wp-json\/wp\/v2\/pages\/3397","targetHints":{"allow":["GET"]}}],"collection":[{"href":"https:\/\/www.parapharmaesthetique.com\/es\/wp-json\/wp\/v2\/pages"}],"about":[{"href":"https:\/\/www.parapharmaesthetique.com\/es\/wp-json\/wp\/v2\/types\/page"}],"author":[{"embeddable":true,"href":"https:\/\/www.parapharmaesthetique.com\/es\/wp-json\/wp\/v2\/users\/1"}],"replies":[{"embeddable":true,"href":"https:\/\/www.parapharmaesthetique.com\/es\/wp-json\/wp\/v2\/comments?post=3397"}],"version-history":[{"count":3,"href":"https:\/\/www.parapharmaesthetique.com\/es\/wp-json\/wp\/v2\/pages\/3397\/revisions"}],"predecessor-version":[{"id":3418,"href":"https:\/\/www.parapharmaesthetique.com\/es\/wp-json\/wp\/v2\/pages\/3397\/revisions\/3418"}],"up":[{"embeddable":true,"href":"https:\/\/www.parapharmaesthetique.com\/es\/wp-json\/wp\/v2\/pages\/3391"}],"wp:attachment":[{"href":"https:\/\/www.parapharmaesthetique.com\/es\/wp-json\/wp\/v2\/media?parent=3397"}],"curies":[{"name":"wp","href":"https:\/\/api.w.org\/{rel}","templated":true}]}}